{"id":9166,"date":"2022-07-04T16:21:04","date_gmt":"2022-07-04T14:21:04","guid":{"rendered":"https:\/\/orchidee.de\/?page_id=9166"},"modified":"2024-08-16T09:43:22","modified_gmt":"2024-08-16T07:43:22","slug":"wuerttemberg-gruppe","status":"publish","type":"page","link":"https:\/\/staging.orchidee.de\/en\/wuerttemberg-gruppe\/","title":{"rendered":"W\u00fcrttemberg  Gruppe"},"content":{"rendered":"<section class=\"l-section wpb_row us_custom_b3be410f height_huge width_full color_alternate with_img\"><div class=\"l-section-img\" style=\"background-image: url(https:\/\/staging.orchidee.de\/wp-content\/uploads\/Phalaenopsis-equestris-f-rosea_KF.jpg);\" data-img-width=\"1800\" data-img-height=\"900\"><\/div><div class=\"l-section-overlay\" style=\"background:var(--color-header-transparent-bg)\"><\/div><div class=\"l-section-h i-cf\"><div class=\"g-cols vc_row via_grid cols_1 laptops-cols_inherit tablets-cols_inherit mobiles-cols_1 valign_top type_default stacking_default\"><div class=\"wpb_column vc_column_container\"><div class=\"vc_column-inner\"><\/div><\/div><\/div><\/div><\/section><!-- Row Backgrounds --><section class=\"l-section wpb_row height_small\"><div class=\"l-section-h i-cf\"><div class=\"g-cols vc_row via_grid cols_1 laptops-cols_inherit tablets-cols_inherit mobiles-cols_1 valign_top type_default stacking_default\"><div class=\"wpb_column vc_column_container\"><div class=\"vc_column-inner\"><div class=\"w-separator size_medium\"><\/div><\/div><\/div><div class=\"wpb_column vc_column_container\"><div class=\"vc_column-inner\"><div class=\"g-cols wpb_row via_grid cols_1 laptops-cols_inherit tablets-cols_inherit mobiles-cols_1 valign_top type_default stacking_default\"><div class=\"wpb_column vc_column_container\"><div class=\"vc_column-inner\"><div class=\"wpb_text_column us_custom_e939c30a\"><div class=\"wpb_wrapper\"><h1>W\u00fcrttemberg<\/h1>\n<\/div><\/div><\/div><\/div><\/div><\/div><\/div><\/div><\/div><\/section><section class=\"l-section wpb_row height_small\"><div class=\"l-section-h i-cf\"><div class=\"g-cols vc_row via_grid cols_1 laptops-cols_inherit tablets-cols_inherit mobiles-cols_1 valign_top type_default stacking_default\"><div class=\"wpb_column vc_column_container\"><div class=\"vc_column-inner\"><div class=\"wpb_text_column\"><div class=\"wpb_wrapper\"><p><strong>Gruppenleitung<\/strong><br \/>\nAlexander Bazing<br \/>\nZimtweg 9<br \/>\n70619 Stuttgart<br \/>\n0157 33141127<br \/>\nbazing@landesgruppe-wuerttemberg.de<\/p>\n<\/div><\/div><div class=\"w-separator size_small\"><\/div><div class=\"wpb_text_column\"><div class=\"wpb_wrapper\"><p><strong>Gruppenleitung laut Wahlen vom 13.01.2023:<\/strong><br \/>\nGruppenleiter: Alexander Bazing<br \/>\nStellvertretender Gruppenleiter: Ulrike K\u00f6rber<br \/>\nKassenwart: Frank Derer (kommissarisch)<\/p>\n<\/div><\/div><div class=\"w-separator size_small\"><\/div><div class=\"wpb_text_column\"><div class=\"wpb_wrapper\"><p><strong>Gruppentreffen bis 31.12.2023:<\/strong><br \/>\nFesthalle Denkendorf<br \/>\nM\u00fchlhaldenstra\u00dfe 111<br \/>\n73770 Denkendorf<br \/>\n<strong>ab 01.01.2024:<\/strong><br \/>\nGastst\u00e4tte Waldheim Zollberg<br \/>\nNeuffenstr. 87<br \/>\n73734 Esslingen<br \/>\nJeden 2. Freitag im Monat um 18:30 Uhr. Vortragsbeginn 20.:00 Uhr.<\/p>\n<\/div><\/div><div class=\"w-separator size_small\"><\/div><div class=\"wpb_text_column\"><div class=\"wpb_wrapper\"><p>Bitte \u00fcberz\u00e4hlige Pflanzen oder anderes mitbringen. Weitere Wanderungen und Busfahrten sowie G\u00e4rtnereibesuche werden durch Rundschreiben bekannt gegeben. G\u00e4ste sind herzlich willkommen.<\/p>\n<\/div><\/div><\/div><\/div><\/div><\/div><\/section><section class=\"l-section wpb_row height_auto\"><div class=\"l-section-h i-cf\"><div class=\"g-cols vc_row via_grid cols_1 laptops-cols_inherit tablets-cols_inherit mobiles-cols_1 valign_top type_default stacking_default\"><div class=\"wpb_column vc_column_container\"><div class=\"vc_column-inner\"><div class=\"mec-wrap mec-skin-list-container  \" id=\"mec_skin_8440\">\n    \n    \n        <div class=\"mec-skin-list-events-container\" id=\"mec_skin_events_8440\">\n        No event found!    <\/div>\n        \n        \n<\/div><\/div><\/div><\/div><\/div><\/section>\n","protected":false},"excerpt":{"rendered":"W\u00fcrttemberg Gruppenleitung Alexander Bazing Zimtweg 9 70619 Stuttgart 0157 33141127 bazing@landesgruppe-wuerttemberg.de Gruppenleitung laut Wahlen vom 13.01.2023: Gruppenleiter: Alexander Bazing Stellvertretender Gruppenleiter: Ulrike K\u00f6rber Kassenwart: Frank Derer (kommissarisch) Gruppentreffen bis 31.12.2023: Festhalle Denkendorf M\u00fchlhaldenstra\u00dfe 111 73770 Denkendorf ab 01.01.2024: Gastst\u00e4tte Waldheim Zollberg Neuffenstr. 87 73734 Esslingen Jeden 2. Freitag im Monat um 18:30 Uhr. Vortragsbeginn 20.:00...","protected":false},"author":9,"featured_media":0,"parent":0,"menu_order":0,"comment_status":"closed","ping_status":"closed","template":"","meta":{"footnotes":""},"class_list":["post-9166","page","type-page","status-publish","hentry"],"_links":{"self":[{"href":"https:\/\/staging.orchidee.de\/en\/wp-json\/wp\/v2\/pages\/9166","targetHints":{"allow":["GET"]}}],"collection":[{"href":"https:\/\/staging.orchidee.de\/en\/wp-json\/wp\/v2\/pages"}],"about":[{"href":"https:\/\/staging.orchidee.de\/en\/wp-json\/wp\/v2\/types\/page"}],"author":[{"embeddable":true,"href":"https:\/\/staging.orchidee.de\/en\/wp-json\/wp\/v2\/users\/9"}],"replies":[{"embeddable":true,"href":"https:\/\/staging.orchidee.de\/en\/wp-json\/wp\/v2\/comments?post=9166"}],"version-history":[{"count":12,"href":"https:\/\/staging.orchidee.de\/en\/wp-json\/wp\/v2\/pages\/9166\/revisions"}],"predecessor-version":[{"id":25468,"href":"https:\/\/staging.orchidee.de\/en\/wp-json\/wp\/v2\/pages\/9166\/revisions\/25468"}],"wp:attachment":[{"href":"https:\/\/staging.orchidee.de\/en\/wp-json\/wp\/v2\/media?parent=9166"}],"curies":[{"name":"wp","href":"https:\/\/api.w.org\/{rel}","templated":true}]}}