{"id":9146,"date":"2022-07-04T16:08:54","date_gmt":"2022-07-04T14:08:54","guid":{"rendered":"https:\/\/orchidee.de\/?page_id=9146"},"modified":"2024-02-13T00:01:29","modified_gmt":"2024-02-12T23:01:29","slug":"schleswig-holstein-gruppe","status":"publish","type":"page","link":"https:\/\/staging.orchidee.de\/en\/schleswig-holstein-gruppe\/","title":{"rendered":"Schleswig-Holstein Gruppe"},"content":{"rendered":"<section class=\"l-section wpb_row us_custom_b3be410f height_huge width_full color_alternate with_img\"><div class=\"l-section-img\" style=\"background-image: url(https:\/\/staging.orchidee.de\/wp-content\/uploads\/Phragmipedium-besseae_KF.jpg);\" data-img-width=\"1800\" data-img-height=\"900\"><\/div><div class=\"l-section-overlay\" style=\"background:var(--color-header-transparent-bg)\"><\/div><div class=\"l-section-h i-cf\"><div class=\"g-cols vc_row via_grid cols_1 laptops-cols_inherit tablets-cols_inherit mobiles-cols_1 valign_top type_default stacking_default\"><div class=\"wpb_column vc_column_container\"><div class=\"vc_column-inner\"><\/div><\/div><\/div><\/div><\/section><!-- Row Backgrounds --><section class=\"l-section wpb_row height_small\"><div class=\"l-section-h i-cf\"><div class=\"g-cols vc_row via_grid cols_1 laptops-cols_inherit tablets-cols_inherit mobiles-cols_1 valign_top type_default stacking_default\"><div class=\"wpb_column vc_column_container\"><div class=\"vc_column-inner\"><div class=\"w-separator size_medium\"><\/div><\/div><\/div><div class=\"wpb_column vc_column_container\"><div class=\"vc_column-inner\"><div class=\"g-cols wpb_row via_grid cols_1 laptops-cols_inherit tablets-cols_inherit mobiles-cols_1 valign_top type_default stacking_default\"><div class=\"wpb_column vc_column_container\"><div class=\"vc_column-inner\"><div class=\"wpb_text_column us_custom_e939c30a\"><div class=\"wpb_wrapper\"><h1>Schleswig-Holstein<\/h1>\n<\/div><\/div><\/div><\/div><\/div><\/div><\/div><\/div><\/div><\/section><section class=\"l-section wpb_row height_small\"><div class=\"l-section-h i-cf\"><div class=\"g-cols vc_row via_grid cols_1 laptops-cols_inherit tablets-cols_inherit mobiles-cols_1 valign_top type_default stacking_default\"><div class=\"wpb_column vc_column_container\"><div class=\"vc_column-inner\"><div class=\"wpb_text_column\"><div class=\"wpb_wrapper\"><p><strong>Gruppenleitung<\/strong><br \/>\nErik Jordt<br \/>\nWegsfeld 42<br \/>\n30455 Hannover<br \/>\n0160-8808026<br \/>\nservice@orchidee-schleswig-holstein.de<\/p>\n<\/div><\/div><div class=\"w-separator size_small\"><\/div><div class=\"wpb_text_column\"><div class=\"wpb_wrapper\"><p><strong>Gruppenleitung laut Wahlen vom 20.01.2024:<\/strong><br \/>\nGruppenleiter: Erik Jordt<br \/>\nStellvertreter: Peter Poweleit<br \/>\nKassenwartin: Ingrid Selk<\/p>\n<\/div><\/div><div class=\"w-separator size_small\"><\/div><div class=\"wpb_text_column\"><div class=\"wpb_wrapper\"><p><strong>Gruppentreffen:<\/strong><br \/>\nGastst\u00e4tte \u2018Zur Guten Quelle\u2019<br \/>\nK\u00f6nigsf\u00f6rder Weg 11<br \/>\n24109 Kiel<br \/>\nJeden letzten Sonnabend im Monat (soweit terminlich m\u00f6glich) ab ca. 14.00 Uhr.<\/p>\n<\/div><\/div><div class=\"w-separator size_small\"><\/div><div class=\"wpb_text_column\"><div class=\"wpb_wrapper\"><p>Das regul\u00e4re Programm beginnt um 15.00 Uhr mit aktuellen Themen und Vorstellung bl\u00fchender Orchideen, Kulturerl\u00e4uterungen und Kulturbewertung, dann die jeweils angek\u00fcndigten Vortr\u00e4ge oder Gespr\u00e4chsthemen mit Diskussion und Erfahrungsaustausch.<br \/>\nAb ca. 18.00 Uhr gem\u00fctlicher Ausklang am \u2018Kl\u00f6ntisch\u2019, dabei Besprechungen des Beirats nach Bedarf.<\/p>\n<\/div><\/div><div class=\"w-separator size_small\"><\/div><div class=\"w-btn-wrapper align_left\"><a class=\"w-btn us-btn-style_6\" target=\"_blank\" href=\"http:\/\/www.orchidee-schleswig-holstein.de\" rel=\"noopener\"><span class=\"w-btn-label\">Zur Internetpr\u00e4senz<\/span><\/a><\/div><\/div><\/div><\/div><\/div><\/section><section class=\"l-section wpb_row height_auto\"><div class=\"l-section-h i-cf\"><div class=\"g-cols vc_row via_grid cols_1 laptops-cols_inherit tablets-cols_inherit mobiles-cols_1 valign_top type_default stacking_default\"><div class=\"wpb_column vc_column_container\"><div class=\"vc_column-inner\"><div class=\"mec-wrap mec-skin-list-container  \" id=\"mec_skin_8429\">\n    \n    \n        <div class=\"mec-skin-list-events-container\" id=\"mec_skin_events_8429\">\n        No event found!    <\/div>\n        \n        \n<\/div><div class=\"w-separator size_huge\"><\/div><\/div><\/div><\/div><\/div><\/section>\n","protected":false},"excerpt":{"rendered":"Schleswig-Holstein Gruppenleitung Erik Jordt Wegsfeld 42 30455 Hannover 0160-8808026 service@orchidee-schleswig-holstein.de Gruppenleitung laut Wahlen vom 20.01.2024: Gruppenleiter: Erik Jordt Stellvertreter: Peter Poweleit Kassenwartin: Ingrid Selk Gruppentreffen: Gastst\u00e4tte \u2018Zur Guten Quelle\u2019 K\u00f6nigsf\u00f6rder Weg 11 24109 Kiel Jeden letzten Sonnabend im Monat (soweit terminlich m\u00f6glich) ab ca. 14.00 Uhr. Das regul\u00e4re Programm beginnt um 15.00 Uhr mit aktuellen...","protected":false},"author":9,"featured_media":0,"parent":0,"menu_order":0,"comment_status":"closed","ping_status":"closed","template":"","meta":{"footnotes":""},"class_list":["post-9146","page","type-page","status-publish","hentry"],"_links":{"self":[{"href":"https:\/\/staging.orchidee.de\/en\/wp-json\/wp\/v2\/pages\/9146","targetHints":{"allow":["GET"]}}],"collection":[{"href":"https:\/\/staging.orchidee.de\/en\/wp-json\/wp\/v2\/pages"}],"about":[{"href":"https:\/\/staging.orchidee.de\/en\/wp-json\/wp\/v2\/types\/page"}],"author":[{"embeddable":true,"href":"https:\/\/staging.orchidee.de\/en\/wp-json\/wp\/v2\/users\/9"}],"replies":[{"embeddable":true,"href":"https:\/\/staging.orchidee.de\/en\/wp-json\/wp\/v2\/comments?post=9146"}],"version-history":[{"count":11,"href":"https:\/\/staging.orchidee.de\/en\/wp-json\/wp\/v2\/pages\/9146\/revisions"}],"predecessor-version":[{"id":24660,"href":"https:\/\/staging.orchidee.de\/en\/wp-json\/wp\/v2\/pages\/9146\/revisions\/24660"}],"wp:attachment":[{"href":"https:\/\/staging.orchidee.de\/en\/wp-json\/wp\/v2\/media?parent=9146"}],"curies":[{"name":"wp","href":"https:\/\/api.w.org\/{rel}","templated":true}]}}