{"id":9117,"date":"2022-07-04T15:46:35","date_gmt":"2022-07-04T13:46:35","guid":{"rendered":"https:\/\/orchidee.de\/?page_id=9117"},"modified":"2024-02-24T10:19:29","modified_gmt":"2024-02-24T09:19:29","slug":"mittelhessen-gruppe","status":"publish","type":"page","link":"https:\/\/staging.orchidee.de\/en\/mittelhessen-gruppe\/","title":{"rendered":"Mittelhessen  Gruppe"},"content":{"rendered":"<section class=\"l-section wpb_row us_custom_b3be410f height_huge width_full color_alternate with_img\"><div class=\"l-section-img\" style=\"background-image: url(https:\/\/staging.orchidee.de\/wp-content\/uploads\/Coelogyne-cristata_KF.jpg);\" data-img-width=\"1800\" data-img-height=\"900\"><\/div><div class=\"l-section-overlay\" style=\"background:var(--color-header-transparent-bg)\"><\/div><div class=\"l-section-h i-cf\"><div class=\"g-cols vc_row via_grid cols_1 laptops-cols_inherit tablets-cols_inherit mobiles-cols_1 valign_top type_default stacking_default\"><div class=\"wpb_column vc_column_container\"><div class=\"vc_column-inner\"><\/div><\/div><\/div><\/div><\/section><!-- Row Backgrounds --><section class=\"l-section wpb_row height_small\"><div class=\"l-section-h i-cf\"><div class=\"g-cols vc_row via_grid cols_1 laptops-cols_inherit tablets-cols_inherit mobiles-cols_1 valign_top type_default stacking_default\"><div class=\"wpb_column vc_column_container\"><div class=\"vc_column-inner\"><div class=\"w-separator size_medium\"><\/div><\/div><\/div><div class=\"wpb_column vc_column_container\"><div class=\"vc_column-inner\"><div class=\"g-cols wpb_row via_grid cols_1 laptops-cols_inherit tablets-cols_inherit mobiles-cols_1 valign_top type_default stacking_default\"><div class=\"wpb_column vc_column_container\"><div class=\"vc_column-inner\"><div class=\"wpb_text_column us_custom_e939c30a\"><div class=\"wpb_wrapper\"><h1>Mittelhessen<\/h1>\n<\/div><\/div><\/div><\/div><\/div><\/div><\/div><\/div><\/div><\/section><section class=\"l-section wpb_row height_small\"><div class=\"l-section-h i-cf\"><div class=\"g-cols vc_row via_grid cols_1 laptops-cols_inherit tablets-cols_inherit mobiles-cols_1 valign_top type_default stacking_default\"><div class=\"wpb_column vc_column_container\"><div class=\"vc_column-inner\"><div class=\"wpb_text_column\"><div class=\"wpb_wrapper\"><p><strong>Gruppenleitung<\/strong><br \/>\nAchim Flamme<br \/>\nWeidenweg 26<br \/>\nD-34292 Ahnatal<br \/>\nTel.: 0177-5021226<br \/>\nachim.flamme@gmx.de<\/p>\n<\/div><\/div><div class=\"w-separator size_small\"><\/div><div class=\"wpb_text_column\"><div class=\"wpb_wrapper\"><p><strong>Gruppenleitung laut Wahlen vom 10.02.2024:<\/strong><br \/>\nGruppenleiter: Achim Flamme<br \/>\nStellvertreter: Jennifer Antp\u00f6hler<br \/>\nKassenwart: Manfred Holighaus<\/p>\n<\/div><\/div><div class=\"w-separator size_small\"><\/div><div class=\"wpb_text_column\"><div class=\"wpb_wrapper\"><p><strong>Gruppentreffen:<\/strong><br \/>\nSchlossremise<br \/>\nErnst-Ludwig-Stra\u00dfe 15<br \/>\n35418 Gro\u00dfen-Buseck<br \/>\nam 2. Samstag im Monat<\/p>\n<\/div><\/div><div class=\"w-separator size_small\"><\/div><div class=\"wpb_text_column\"><div class=\"wpb_wrapper\"><p>Das Schlossremise in Gro\u00dfen-Buseck ist \u00fcber die A5 (Frankfurt-Kassel) zu erreichen, Abfahrt Reiskirchen oder den Gie\u00dfener Ring<br \/>\n(A 485), Abfahrt Gie\u00dfen-Wieseck. Parkpl\u00e4tze sind vorhanden.<br \/>\nZu jeder Zusammenkunft sollten bl\u00fchende Pflanzen zur Vorstellung und Besprechung mitgebracht werden.<\/p>\n<\/div><\/div><\/div><\/div><\/div><\/div><\/section><section class=\"l-section wpb_row height_auto\"><div class=\"l-section-h i-cf\"><div class=\"g-cols vc_row via_grid cols_1 laptops-cols_inherit tablets-cols_inherit mobiles-cols_1 valign_top type_default stacking_default\"><div class=\"wpb_column vc_column_container\"><div class=\"vc_column-inner\"><div class=\"mec-wrap mec-skin-list-container  \" id=\"mec_skin_8402\">\n    \n    \n        <div class=\"mec-skin-list-events-container\" id=\"mec_skin_events_8402\">\n        No event found!    <\/div>\n        \n        \n<\/div><div class=\"w-separator size_huge\"><\/div><\/div><\/div><\/div><\/div><\/section>\n","protected":false},"excerpt":{"rendered":"Mittelhessen Gruppenleitung Achim Flamme Weidenweg 26 D-34292 Ahnatal Tel.: 0177-5021226 achim.flamme@gmx.de Gruppenleitung laut Wahlen vom 10.02.2024: Gruppenleiter: Achim Flamme Stellvertreter: Jennifer Antp\u00f6hler Kassenwart: Manfred Holighaus Gruppentreffen: Schlossremise Ernst-Ludwig-Stra\u00dfe 15 35418 Gro\u00dfen-Buseck am 2. Samstag im Monat Das Schlossremise in Gro\u00dfen-Buseck ist \u00fcber die A5 (Frankfurt-Kassel) zu erreichen, Abfahrt Reiskirchen oder den Gie\u00dfener Ring (A 485),...","protected":false},"author":9,"featured_media":0,"parent":0,"menu_order":0,"comment_status":"closed","ping_status":"closed","template":"","meta":{"footnotes":""},"class_list":["post-9117","page","type-page","status-publish","hentry"],"_links":{"self":[{"href":"https:\/\/staging.orchidee.de\/en\/wp-json\/wp\/v2\/pages\/9117","targetHints":{"allow":["GET"]}}],"collection":[{"href":"https:\/\/staging.orchidee.de\/en\/wp-json\/wp\/v2\/pages"}],"about":[{"href":"https:\/\/staging.orchidee.de\/en\/wp-json\/wp\/v2\/types\/page"}],"author":[{"embeddable":true,"href":"https:\/\/staging.orchidee.de\/en\/wp-json\/wp\/v2\/users\/9"}],"replies":[{"embeddable":true,"href":"https:\/\/staging.orchidee.de\/en\/wp-json\/wp\/v2\/comments?post=9117"}],"version-history":[{"count":10,"href":"https:\/\/staging.orchidee.de\/en\/wp-json\/wp\/v2\/pages\/9117\/revisions"}],"predecessor-version":[{"id":24806,"href":"https:\/\/staging.orchidee.de\/en\/wp-json\/wp\/v2\/pages\/9117\/revisions\/24806"}],"wp:attachment":[{"href":"https:\/\/staging.orchidee.de\/en\/wp-json\/wp\/v2\/media?parent=9117"}],"curies":[{"name":"wp","href":"https:\/\/api.w.org\/{rel}","templated":true}]}}