{"id":9112,"date":"2022-07-04T15:43:35","date_gmt":"2022-07-04T13:43:35","guid":{"rendered":"https:\/\/orchidee.de\/?page_id=9112"},"modified":"2025-01-18T11:24:08","modified_gmt":"2025-01-18T10:24:08","slug":"leipzig-holzhausen-gruppe","status":"publish","type":"page","link":"https:\/\/staging.orchidee.de\/en\/leipzig-holzhausen-gruppe\/","title":{"rendered":"Leipzig\/Holzhausen Gruppe"},"content":{"rendered":"<section class=\"l-section wpb_row us_custom_b3be410f height_huge width_full color_alternate with_img\"><div class=\"l-section-img\" style=\"background-image: url(https:\/\/staging.orchidee.de\/wp-content\/uploads\/Phragmipedium-Eric-Young_KF.jpg);\" data-img-width=\"1800\" data-img-height=\"900\"><\/div><div class=\"l-section-overlay\" style=\"background:var(--color-header-transparent-bg)\"><\/div><div class=\"l-section-h i-cf\"><div class=\"g-cols vc_row via_grid cols_1 laptops-cols_inherit tablets-cols_inherit mobiles-cols_1 valign_top type_default stacking_default\"><div class=\"wpb_column vc_column_container\"><div class=\"vc_column-inner\"><\/div><\/div><\/div><\/div><\/section><!-- Row Backgrounds --><section class=\"l-section wpb_row height_small\"><div class=\"l-section-h i-cf\"><div class=\"g-cols vc_row via_grid cols_1 laptops-cols_inherit tablets-cols_inherit mobiles-cols_1 valign_top type_default stacking_default\"><div class=\"wpb_column vc_column_container\"><div class=\"vc_column-inner\"><div class=\"w-separator size_medium\"><\/div><\/div><\/div><div class=\"wpb_column vc_column_container\"><div class=\"vc_column-inner\"><div class=\"g-cols wpb_row via_grid cols_1 laptops-cols_inherit tablets-cols_inherit mobiles-cols_1 valign_top type_default stacking_default\"><div class=\"wpb_column vc_column_container\"><div class=\"vc_column-inner\"><div class=\"wpb_text_column us_custom_e939c30a\"><div class=\"wpb_wrapper\"><h1>Leipzig<\/h1>\n<\/div><\/div><\/div><\/div><\/div><\/div><\/div><\/div><\/div><\/section><section class=\"l-section wpb_row height_small\"><div class=\"l-section-h i-cf\"><div class=\"g-cols vc_row via_grid cols_1 laptops-cols_inherit tablets-cols_inherit mobiles-cols_1 valign_top type_default stacking_default\"><div class=\"wpb_column vc_column_container\"><div class=\"vc_column-inner\"><div class=\"wpb_text_column\"><div class=\"wpb_wrapper\"><p><strong>Gruppenleitung<\/strong><br \/>\nThomas Heymann<br \/>\nGei\u00dfblattstr. 34<br \/>\n04329 Leipzig<br \/>\n0341-2520756<br \/>\nmail@art-photo-heymann.de<\/p>\n<\/div><\/div><div class=\"w-separator size_small\"><\/div><div class=\"wpb_text_column\"><div class=\"wpb_wrapper\"><p><strong>Gruppenleitung laut Wahlen am 16.01.2025:<\/strong><br \/>\nGruppenleiter: Thomas Heymann<br \/>\nStellvertreter: Markus Behlen<br \/>\nKassenwart: Sindy B\u00f6se<\/p>\n<\/div><\/div><div class=\"w-separator size_small\"><\/div><div class=\"wpb_text_column\"><div class=\"wpb_wrapper\"><p><strong>Gruppentreffen:<\/strong><br \/>\nBotanischer Garten Leipzig<br \/>\nLinn\u00e9stra\u00dfe. 1 (an den Gew\u00e4chsh\u00e4usern)<br \/>\n04103 Leipzig<br \/>\nJeden 3. Donnerstag im Monat um 18.00 Uhr.<\/p>\n<\/div><\/div><div class=\"w-separator size_small\"><\/div><div class=\"wpb_text_column\"><div class=\"wpb_wrapper\"><p>Neue Interessenten bitte zuvor beim Gruppenleiter anmelden, um eventuelle Terminverschiebungen zu kl\u00e4ren. Bitte Pflanzen zur Vorstellung mitbringen. Zu den Veranstaltungen sind G\u00e4ste herzlich willkommen.<\/p>\n<\/div><\/div><\/div><\/div><\/div><\/div><\/section><section class=\"l-section wpb_row height_auto\"><div class=\"l-section-h i-cf\"><div class=\"g-cols vc_row via_grid cols_1 laptops-cols_inherit tablets-cols_inherit mobiles-cols_1 valign_top type_default stacking_default\"><div class=\"wpb_column vc_column_container\"><div class=\"vc_column-inner\"><div class=\"mec-wrap mec-skin-list-container  \" id=\"mec_skin_8380\">\n    \n    \n        <div class=\"mec-skin-list-events-container\" id=\"mec_skin_events_8380\">\n        No event found!    <\/div>\n        \n        \n<\/div><div class=\"w-separator size_huge\"><\/div><\/div><\/div><\/div><\/div><\/section>\n","protected":false},"excerpt":{"rendered":"Leipzig Gruppenleitung Thomas Heymann Gei\u00dfblattstr. 34 04329 Leipzig 0341-2520756 mail@art-photo-heymann.de Gruppenleitung laut Wahlen am 16.01.2025: Gruppenleiter: Thomas Heymann Stellvertreter: Markus Behlen Kassenwart: Sindy B\u00f6se Gruppentreffen: Botanischer Garten Leipzig Linn\u00e9stra\u00dfe. 1 (an den Gew\u00e4chsh\u00e4usern) 04103 Leipzig Jeden 3. Donnerstag im Monat um 18.00 Uhr. Neue Interessenten bitte zuvor beim Gruppenleiter anmelden, um eventuelle Terminverschiebungen zu kl\u00e4ren....","protected":false},"author":9,"featured_media":0,"parent":0,"menu_order":0,"comment_status":"closed","ping_status":"closed","template":"","meta":{"footnotes":""},"class_list":["post-9112","page","type-page","status-publish","hentry"],"_links":{"self":[{"href":"https:\/\/staging.orchidee.de\/en\/wp-json\/wp\/v2\/pages\/9112","targetHints":{"allow":["GET"]}}],"collection":[{"href":"https:\/\/staging.orchidee.de\/en\/wp-json\/wp\/v2\/pages"}],"about":[{"href":"https:\/\/staging.orchidee.de\/en\/wp-json\/wp\/v2\/types\/page"}],"author":[{"embeddable":true,"href":"https:\/\/staging.orchidee.de\/en\/wp-json\/wp\/v2\/users\/9"}],"replies":[{"embeddable":true,"href":"https:\/\/staging.orchidee.de\/en\/wp-json\/wp\/v2\/comments?post=9112"}],"version-history":[{"count":12,"href":"https:\/\/staging.orchidee.de\/en\/wp-json\/wp\/v2\/pages\/9112\/revisions"}],"predecessor-version":[{"id":25882,"href":"https:\/\/staging.orchidee.de\/en\/wp-json\/wp\/v2\/pages\/9112\/revisions\/25882"}],"wp:attachment":[{"href":"https:\/\/staging.orchidee.de\/en\/wp-json\/wp\/v2\/media?parent=9112"}],"curies":[{"name":"wp","href":"https:\/\/api.w.org\/{rel}","templated":true}]}}