{"id":9101,"date":"2022-07-04T15:36:00","date_gmt":"2022-07-04T13:36:00","guid":{"rendered":"https:\/\/orchidee.de\/?page_id=9101"},"modified":"2023-04-27T10:53:17","modified_gmt":"2023-04-27T08:53:17","slug":"kassel-goettingen-und-umgebung-gruppe","status":"publish","type":"page","link":"https:\/\/staging.orchidee.de\/en\/kassel-goettingen-und-umgebung-gruppe\/","title":{"rendered":"Kassel\/G\u00f6ttingen und Umgebung  Gruppe"},"content":{"rendered":"<section class=\"l-section wpb_row us_custom_b3be410f height_huge width_full color_alternate with_img\"><div class=\"l-section-img\" style=\"background-image: url(https:\/\/staging.orchidee.de\/wp-content\/uploads\/Phalaenopsis-hieroglyphica_KF.jpg);\" data-img-width=\"1800\" data-img-height=\"900\"><\/div><div class=\"l-section-overlay\" style=\"background:var(--color-header-transparent-bg)\"><\/div><div class=\"l-section-h i-cf\"><div class=\"g-cols vc_row via_grid cols_1 laptops-cols_inherit tablets-cols_inherit mobiles-cols_1 valign_top type_default stacking_default\"><div class=\"wpb_column vc_column_container\"><div class=\"vc_column-inner\"><\/div><\/div><\/div><\/div><\/section><!-- Row Backgrounds --><section class=\"l-section wpb_row height_small\"><div class=\"l-section-h i-cf\"><div class=\"g-cols vc_row via_grid cols_1 laptops-cols_inherit tablets-cols_inherit mobiles-cols_1 valign_top type_default stacking_default\"><div class=\"wpb_column vc_column_container\"><div class=\"vc_column-inner\"><div class=\"w-separator size_medium\"><\/div><\/div><\/div><div class=\"wpb_column vc_column_container\"><div class=\"vc_column-inner\"><div class=\"g-cols wpb_row via_grid cols_1 laptops-cols_inherit tablets-cols_inherit mobiles-cols_1 valign_top type_default stacking_default\"><div class=\"wpb_column vc_column_container\"><div class=\"vc_column-inner\"><div class=\"wpb_text_column us_custom_e939c30a\"><div class=\"wpb_wrapper\"><h1>Kassel\/G\u00f6ttingen und Umgebung<\/h1>\n<\/div><\/div><\/div><\/div><\/div><\/div><\/div><\/div><\/div><\/section><section class=\"l-section wpb_row height_small\"><div class=\"l-section-h i-cf\"><div class=\"g-cols vc_row via_grid cols_1 laptops-cols_inherit tablets-cols_inherit mobiles-cols_1 valign_top type_default stacking_default\"><div class=\"wpb_column vc_column_container\"><div class=\"vc_column-inner\"><div class=\"wpb_text_column\"><div class=\"wpb_wrapper\"><p><strong>Gruppenleitung<\/strong><br \/>\nAndreas Hennrich<br \/>\nM\u00f6nchehofer Stra\u00dfe 47<br \/>\n34314 Espenau<br \/>\n05673-2818<br \/>\nandreashennrich@ymail.com<\/p>\n<\/div><\/div><div class=\"w-separator size_small\"><\/div><div class=\"wpb_text_column\"><div class=\"wpb_wrapper\"><p><strong>Gruppenleitung laut Wahlen vom 27.05.2022:<\/strong><br \/>\nGruppenleiter: Andreas Hennrich<br \/>\nStellvertreter: Walter Rost<br \/>\nKassierer: Detlev Kr\u00fcmmel<\/p>\n<\/div><\/div><div class=\"w-separator size_small\"><\/div><div class=\"wpb_text_column\"><div class=\"wpb_wrapper\"><p><strong>Gruppentreffen:<\/strong><br \/>\nPhilipp-Scheidemann-Haus<br \/>\nHoll\u00e4ndische Stra\u00dfe 74<br \/>\nD-34127 Kassel<br \/>\nZusammenk\u00fcnfte jeweils am letzten Freitag des Monats, Beginn 19.00 Uhr, Ende 22.00 Uhr.<\/p>\n<\/div><\/div><div class=\"w-separator size_small\"><\/div><div class=\"wpb_text_column\"><div class=\"wpb_wrapper\"><p>Interessenten (auch Neulinge) sind immer gerne gesehen. Bl\u00fchende Pflanzen und \u201cProblemkinder\u201d sollten jederzeit mitgebracht werden. Besprechung und Erfahrungsaustausch jeweils vor den Vortr\u00e4gen. Programm\u00e4nderungen sind m\u00f6glich.<\/p>\n<\/div><\/div><\/div><\/div><\/div><\/div><\/section><section class=\"l-section wpb_row height_auto\"><div class=\"l-section-h i-cf\"><div class=\"g-cols vc_row via_grid cols_1 laptops-cols_inherit tablets-cols_inherit mobiles-cols_1 valign_top type_default stacking_default\"><div class=\"wpb_column vc_column_container\"><div class=\"vc_column-inner\"><div class=\"mec-wrap mec-skin-list-container  \" id=\"mec_skin_8371\">\n    \n    \n        <div class=\"mec-skin-list-events-container\" id=\"mec_skin_events_8371\">\n        No event found!    <\/div>\n        \n        \n<\/div><div class=\"w-separator size_huge\"><\/div><\/div><\/div><\/div><\/div><\/section>\n","protected":false},"excerpt":{"rendered":"Kassel\/G\u00f6ttingen und Umgebung Gruppenleitung Andreas Hennrich M\u00f6nchehofer Stra\u00dfe 47 34314 Espenau 05673-2818 andreashennrich@ymail.com Gruppenleitung laut Wahlen vom 27.05.2022: Gruppenleiter: Andreas Hennrich Stellvertreter: Walter Rost Kassierer: Detlev Kr\u00fcmmel Gruppentreffen: Philipp-Scheidemann-Haus Holl\u00e4ndische Stra\u00dfe 74 D-34127 Kassel Zusammenk\u00fcnfte jeweils am letzten Freitag des Monats, Beginn 19.00 Uhr, Ende 22.00 Uhr. Interessenten (auch Neulinge) sind immer gerne gesehen. Bl\u00fchende...","protected":false},"author":9,"featured_media":0,"parent":0,"menu_order":0,"comment_status":"closed","ping_status":"closed","template":"","meta":{"footnotes":""},"class_list":["post-9101","page","type-page","status-publish","hentry"],"_links":{"self":[{"href":"https:\/\/staging.orchidee.de\/en\/wp-json\/wp\/v2\/pages\/9101","targetHints":{"allow":["GET"]}}],"collection":[{"href":"https:\/\/staging.orchidee.de\/en\/wp-json\/wp\/v2\/pages"}],"about":[{"href":"https:\/\/staging.orchidee.de\/en\/wp-json\/wp\/v2\/types\/page"}],"author":[{"embeddable":true,"href":"https:\/\/staging.orchidee.de\/en\/wp-json\/wp\/v2\/users\/9"}],"replies":[{"embeddable":true,"href":"https:\/\/staging.orchidee.de\/en\/wp-json\/wp\/v2\/comments?post=9101"}],"version-history":[{"count":8,"href":"https:\/\/staging.orchidee.de\/en\/wp-json\/wp\/v2\/pages\/9101\/revisions"}],"predecessor-version":[{"id":19907,"href":"https:\/\/staging.orchidee.de\/en\/wp-json\/wp\/v2\/pages\/9101\/revisions\/19907"}],"wp:attachment":[{"href":"https:\/\/staging.orchidee.de\/en\/wp-json\/wp\/v2\/media?parent=9101"}],"curies":[{"name":"wp","href":"https:\/\/api.w.org\/{rel}","templated":true}]}}