{"id":9095,"date":"2022-07-04T15:29:28","date_gmt":"2022-07-04T13:29:28","guid":{"rendered":"https:\/\/orchidee.de\/?page_id=9095"},"modified":"2024-04-23T10:42:15","modified_gmt":"2024-04-23T08:42:15","slug":"karlsruhe-mittelbaden-gruppe","status":"publish","type":"page","link":"https:\/\/staging.orchidee.de\/en\/karlsruhe-mittelbaden-gruppe\/","title":{"rendered":"Karlsruhe\/Mittelbaden Gruppe"},"content":{"rendered":"<section class=\"l-section wpb_row us_custom_b3be410f height_huge width_full color_alternate with_img\"><div class=\"l-section-img\" style=\"background-image: url(https:\/\/staging.orchidee.de\/wp-content\/uploads\/Disa-Foam_KF.jpg);\" data-img-width=\"1800\" data-img-height=\"900\"><\/div><div class=\"l-section-overlay\" style=\"background:var(--color-header-transparent-bg)\"><\/div><div class=\"l-section-h i-cf\"><div class=\"g-cols vc_row via_grid cols_1 laptops-cols_inherit tablets-cols_inherit mobiles-cols_1 valign_top type_default stacking_default\"><div class=\"wpb_column vc_column_container\"><div class=\"vc_column-inner\"><\/div><\/div><\/div><\/div><\/section><!-- Row Backgrounds --><section class=\"l-section wpb_row height_small\"><div class=\"l-section-h i-cf\"><div class=\"g-cols vc_row via_grid cols_1 laptops-cols_inherit tablets-cols_inherit mobiles-cols_1 valign_top type_default stacking_default\"><div class=\"wpb_column vc_column_container\"><div class=\"vc_column-inner\"><div class=\"w-separator size_medium\"><\/div><\/div><\/div><div class=\"wpb_column vc_column_container\"><div class=\"vc_column-inner\"><div class=\"g-cols wpb_row via_grid cols_1 laptops-cols_inherit tablets-cols_inherit mobiles-cols_1 valign_top type_default stacking_default\"><div class=\"wpb_column vc_column_container\"><div class=\"vc_column-inner\"><div class=\"wpb_text_column us_custom_e939c30a\"><div class=\"wpb_wrapper\"><h1>Karlsruhe\/Mittelbaden<\/h1>\n<\/div><\/div><\/div><\/div><\/div><\/div><\/div><\/div><\/div><\/section><section class=\"l-section wpb_row height_small\"><div class=\"l-section-h i-cf\"><div class=\"g-cols vc_row via_grid cols_1 laptops-cols_inherit tablets-cols_inherit mobiles-cols_1 valign_top type_default stacking_default\"><div class=\"wpb_column vc_column_container\"><div class=\"vc_column-inner\"><div class=\"wpb_text_column\"><div class=\"wpb_wrapper\"><p><strong>Gruppenleitung<\/strong><br \/>\nAlexander Mendoza-Weber<br \/>\n07223-\u200b2834187<br \/>\nalex.mendoza-weber@gmx.de<\/p>\n<\/div><\/div><div class=\"w-separator size_small\"><\/div><div class=\"wpb_text_column\"><div class=\"wpb_wrapper\"><p><strong>Gruppenleitung laut Wahlen vom 19.04.2024:<\/strong><br \/>\nGruppenleiter: Alexander Mendoza-Weber<br \/>\nStellvertreter: Wolfgang Sorg<br \/>\nKassenwart: Brigitte Maier<\/p>\n<\/div><\/div><div class=\"w-separator size_small\"><\/div><div class=\"wpb_text_column\"><div class=\"wpb_wrapper\"><p><strong>Gruppentreffen:<\/strong><br \/>\nGasthof Tannweg<br \/>\nBalinger Str. 2<br \/>\n76228 Karlsruhe-Gr\u00fcnwettersbach<br \/>\nTreffen im Regelfall jeden 3. Freitag um 19.00 Uhr.<\/p>\n<\/div><\/div><div class=\"w-separator size_small\"><\/div><div class=\"wpb_text_column\"><div class=\"wpb_wrapper\"><p>Bitte bringen Sie bl\u00fchende Pflanzen oder Problempflanzen zur Vorstellung und Besprechung mit. Weitere Aktivit\u00e4ten werden durch Rundschreiben bekanntgegeben.<\/p>\n<\/div><\/div><div class=\"w-separator size_small\"><\/div><div class=\"w-btn-wrapper align_left\"><a class=\"w-btn us-btn-style_6\" href=\"http:\/\/www.orchidee-karlsruhe.de\"><span class=\"w-btn-label\">Zur Internetpr\u00e4senz<\/span><\/a><\/div><\/div><\/div><\/div><\/div><\/section><section class=\"l-section wpb_row height_auto\"><div class=\"l-section-h i-cf\"><div class=\"g-cols vc_row via_grid cols_1 laptops-cols_inherit tablets-cols_inherit mobiles-cols_1 valign_top type_default stacking_default\"><div class=\"wpb_column vc_column_container\"><div class=\"vc_column-inner\"><div class=\"mec-wrap mec-skin-list-container  \" id=\"mec_skin_8366\">\n    \n    \n        <div class=\"mec-skin-list-events-container\" id=\"mec_skin_events_8366\">\n        No event found!    <\/div>\n        \n        \n<\/div><div class=\"w-separator size_huge\"><\/div><\/div><\/div><\/div><\/div><\/section>\n","protected":false},"excerpt":{"rendered":"Karlsruhe\/Mittelbaden Gruppenleitung Alexander Mendoza-Weber 07223-\u200b2834187 alex.mendoza-weber@gmx.de Gruppenleitung laut Wahlen vom 19.04.2024: Gruppenleiter: Alexander Mendoza-Weber Stellvertreter: Wolfgang Sorg Kassenwart: Brigitte Maier Gruppentreffen: Gasthof Tannweg Balinger Str. 2 76228 Karlsruhe-Gr\u00fcnwettersbach Treffen im Regelfall jeden 3. Freitag um 19.00 Uhr. Bitte bringen Sie bl\u00fchende Pflanzen oder Problempflanzen zur Vorstellung und Besprechung mit. Weitere Aktivit\u00e4ten werden durch Rundschreiben bekanntgegeben....","protected":false},"author":9,"featured_media":0,"parent":0,"menu_order":0,"comment_status":"closed","ping_status":"closed","template":"","meta":{"footnotes":""},"class_list":["post-9095","page","type-page","status-publish","hentry"],"_links":{"self":[{"href":"https:\/\/staging.orchidee.de\/en\/wp-json\/wp\/v2\/pages\/9095","targetHints":{"allow":["GET"]}}],"collection":[{"href":"https:\/\/staging.orchidee.de\/en\/wp-json\/wp\/v2\/pages"}],"about":[{"href":"https:\/\/staging.orchidee.de\/en\/wp-json\/wp\/v2\/types\/page"}],"author":[{"embeddable":true,"href":"https:\/\/staging.orchidee.de\/en\/wp-json\/wp\/v2\/users\/9"}],"replies":[{"embeddable":true,"href":"https:\/\/staging.orchidee.de\/en\/wp-json\/wp\/v2\/comments?post=9095"}],"version-history":[{"count":11,"href":"https:\/\/staging.orchidee.de\/en\/wp-json\/wp\/v2\/pages\/9095\/revisions"}],"predecessor-version":[{"id":25054,"href":"https:\/\/staging.orchidee.de\/en\/wp-json\/wp\/v2\/pages\/9095\/revisions\/25054"}],"wp:attachment":[{"href":"https:\/\/staging.orchidee.de\/en\/wp-json\/wp\/v2\/media?parent=9095"}],"curies":[{"name":"wp","href":"https:\/\/api.w.org\/{rel}","templated":true}]}}