{"id":9084,"date":"2022-07-04T15:21:32","date_gmt":"2022-07-04T13:21:32","guid":{"rendered":"https:\/\/orchidee.de\/?page_id=9084"},"modified":"2023-04-26T19:46:02","modified_gmt":"2023-04-26T17:46:02","slug":"hessen-nassau","status":"publish","type":"page","link":"https:\/\/staging.orchidee.de\/en\/hessen-nassau\/","title":{"rendered":"Hessen &#8211; Nassau"},"content":{"rendered":"<section class=\"l-section wpb_row us_custom_b3be410f height_huge width_full color_alternate with_img\"><div class=\"l-section-img\" style=\"background-image: url(https:\/\/staging.orchidee.de\/wp-content\/uploads\/Chysis-Sedenii_KF.jpg);\" data-img-width=\"1800\" data-img-height=\"900\"><\/div><div class=\"l-section-overlay\" style=\"background:var(--color-header-transparent-bg)\"><\/div><div class=\"l-section-h i-cf\"><div class=\"g-cols vc_row via_grid cols_1 laptops-cols_inherit tablets-cols_inherit mobiles-cols_1 valign_top type_default stacking_default\"><div class=\"wpb_column vc_column_container\"><div class=\"vc_column-inner\"><\/div><\/div><\/div><\/div><\/section><!-- Row Backgrounds --><section class=\"l-section wpb_row height_small\"><div class=\"l-section-h i-cf\"><div class=\"g-cols vc_row via_grid cols_1 laptops-cols_inherit tablets-cols_inherit mobiles-cols_1 valign_top type_default stacking_default\"><div class=\"wpb_column vc_column_container\"><div class=\"vc_column-inner\"><div class=\"w-separator size_medium\"><\/div><\/div><\/div><div class=\"wpb_column vc_column_container\"><div class=\"vc_column-inner\"><div class=\"g-cols wpb_row via_grid cols_1 laptops-cols_inherit tablets-cols_inherit mobiles-cols_1 valign_top type_default stacking_default\"><div class=\"wpb_column vc_column_container\"><div class=\"vc_column-inner\"><div class=\"wpb_text_column us_custom_e939c30a\"><div class=\"wpb_wrapper\"><h1>Hessen- Nassau<\/h1>\n<\/div><\/div><\/div><\/div><\/div><\/div><\/div><\/div><\/div><\/section><section class=\"l-section wpb_row height_small\"><div class=\"l-section-h i-cf\"><div class=\"g-cols vc_row via_grid cols_1 laptops-cols_inherit tablets-cols_inherit mobiles-cols_1 valign_top type_default stacking_default\"><div class=\"wpb_column vc_column_container\"><div class=\"vc_column-inner\"><div class=\"wpb_text_column\"><div class=\"wpb_wrapper\"><p><strong>Gruppenleitung<\/strong><br \/>\nLothar Becker<br \/>\n06171-74400<br \/>\nlbecker585@unitybox.de<\/p>\n<\/div><\/div><div class=\"w-separator size_small\"><\/div><div class=\"wpb_text_column\"><div class=\"wpb_wrapper\"><p><strong>Gruppenleitung laut Wahlen vom 25.09.2021:<\/strong><br \/>\nGruppenleiter: Lothar Becker<br \/>\nStellvertreter: Frank Siebach<br \/>\nKassenwart: Gaby Mayr<\/p>\n<\/div><\/div><div class=\"w-separator size_small\"><\/div><div class=\"wpb_text_column\"><div class=\"wpb_wrapper\"><p><strong>Gruppentreffen:<\/strong><br \/>\nAutalstuben<br \/>\nIdsteiner Stra\u00dfe 59<br \/>\n65527 Niedernhausen<br \/>\nMonatlich Samstags um 15 Uhr. Genaue Termine finden sie unten oder auf unserer Internetpr\u00e4senz. G\u00e4ste sind immer herzlich willkommen!<\/p>\n<\/div><\/div><div class=\"w-separator size_small\"><\/div><div class=\"wpb_text_column\"><div class=\"wpb_wrapper\"><p><strong>Orchideen-Stammtisch S\u00fcdhessen:<\/strong><br \/>\nStadiongastst\u00e4tte SC Victoria \u201cbei Michael\u201d<br \/>\nSch\u00fclerstra\u00dfe<br \/>\n64347 Griesheim<br \/>\nJeden ersten Freitag im Monat um 20.00 Uhr.<\/p>\n<\/div><\/div><div class=\"w-separator size_small\"><\/div><div class=\"w-btn-wrapper align_left\"><a class=\"w-btn us-btn-style_6\" href=\"http:\/\/orchideen-hessen-nassau.de\"><span class=\"w-btn-label\">Zur Internetpr\u00e4senz<\/span><\/a><\/div><div class=\"w-separator size_small\"><\/div><div class=\"mec-wrap mec-skin-list-container  \" id=\"mec_skin_13073\">\n    \n    \n        <div class=\"mec-skin-list-events-container\" id=\"mec_skin_events_13073\">\n        No event found!    <\/div>\n        \n        \n<\/div><div class=\"w-separator size_huge\"><\/div><\/div><\/div><\/div><\/div><\/section><section class=\"l-section wpb_row height_medium\"><div class=\"l-section-h i-cf\"><div class=\"g-cols vc_row via_grid cols_1 laptops-cols_inherit tablets-cols_inherit mobiles-cols_1 valign_top type_default stacking_default\"><div class=\"wpb_column vc_column_container\"><div class=\"vc_column-inner\"><\/div><\/div><\/div><\/div><\/section>\n","protected":false},"excerpt":{"rendered":"Hessen- Nassau Gruppenleitung Lothar Becker 06171-74400 lbecker585@unitybox.de Gruppenleitung laut Wahlen vom 25.09.2021: Gruppenleiter: Lothar Becker Stellvertreter: Frank Siebach Kassenwart: Gaby Mayr Gruppentreffen: Autalstuben Idsteiner Stra\u00dfe 59 65527 Niedernhausen Monatlich Samstags um 15 Uhr. Genaue Termine finden sie unten oder auf unserer Internetpr\u00e4senz. G\u00e4ste sind immer herzlich willkommen! Orchideen-Stammtisch S\u00fcdhessen: Stadiongastst\u00e4tte SC Victoria \u201cbei Michael\u201d Sch\u00fclerstra\u00dfe...","protected":false},"author":9,"featured_media":0,"parent":0,"menu_order":0,"comment_status":"closed","ping_status":"closed","template":"","meta":{"footnotes":""},"class_list":["post-9084","page","type-page","status-publish","hentry"],"_links":{"self":[{"href":"https:\/\/staging.orchidee.de\/en\/wp-json\/wp\/v2\/pages\/9084","targetHints":{"allow":["GET"]}}],"collection":[{"href":"https:\/\/staging.orchidee.de\/en\/wp-json\/wp\/v2\/pages"}],"about":[{"href":"https:\/\/staging.orchidee.de\/en\/wp-json\/wp\/v2\/types\/page"}],"author":[{"embeddable":true,"href":"https:\/\/staging.orchidee.de\/en\/wp-json\/wp\/v2\/users\/9"}],"replies":[{"embeddable":true,"href":"https:\/\/staging.orchidee.de\/en\/wp-json\/wp\/v2\/comments?post=9084"}],"version-history":[{"count":8,"href":"https:\/\/staging.orchidee.de\/en\/wp-json\/wp\/v2\/pages\/9084\/revisions"}],"predecessor-version":[{"id":19896,"href":"https:\/\/staging.orchidee.de\/en\/wp-json\/wp\/v2\/pages\/9084\/revisions\/19896"}],"wp:attachment":[{"href":"https:\/\/staging.orchidee.de\/en\/wp-json\/wp\/v2\/media?parent=9084"}],"curies":[{"name":"wp","href":"https:\/\/api.w.org\/{rel}","templated":true}]}}