{"id":9049,"date":"2022-07-04T14:46:36","date_gmt":"2022-07-04T12:46:36","guid":{"rendered":"https:\/\/orchidee.de\/?page_id=9049"},"modified":"2024-06-12T00:14:59","modified_gmt":"2024-06-11T22:14:59","slug":"bremen-weser-ems","status":"publish","type":"page","link":"https:\/\/staging.orchidee.de\/en\/bremen-weser-ems\/","title":{"rendered":"Bremen-Weser-Ems"},"content":{"rendered":"<section class=\"l-section wpb_row us_custom_b3be410f height_huge width_full color_alternate with_img\"><div class=\"l-section-img\" style=\"background-image: url(https:\/\/staging.orchidee.de\/wp-content\/uploads\/Phragmipedium-Woessner-Rubin_KF.jpg);\" data-img-width=\"1800\" data-img-height=\"900\"><\/div><div class=\"l-section-overlay\" style=\"background:var(--color-header-transparent-bg)\"><\/div><div class=\"l-section-h i-cf\"><div class=\"g-cols vc_row via_grid cols_1 laptops-cols_inherit tablets-cols_inherit mobiles-cols_1 valign_top type_default stacking_default\"><div class=\"wpb_column vc_column_container\"><div class=\"vc_column-inner\"><\/div><\/div><\/div><\/div><\/section><!-- Row Backgrounds --><section class=\"l-section wpb_row height_small\"><div class=\"l-section-h i-cf\"><div class=\"g-cols vc_row via_grid cols_1 laptops-cols_inherit tablets-cols_inherit mobiles-cols_1 valign_top type_default stacking_default\"><div class=\"wpb_column vc_column_container\"><div class=\"vc_column-inner\"><div class=\"w-separator size_medium\"><\/div><\/div><\/div><div class=\"wpb_column vc_column_container\"><div class=\"vc_column-inner\"><div class=\"g-cols wpb_row via_grid cols_1 laptops-cols_inherit tablets-cols_inherit mobiles-cols_1 valign_top type_default stacking_default\"><div class=\"wpb_column vc_column_container\"><div class=\"vc_column-inner\"><div class=\"wpb_text_column us_custom_e939c30a\"><div class=\"wpb_wrapper\"><h1>Bremen &#8211; Weser &#8211; Ems<\/h1>\n<\/div><\/div><\/div><\/div><\/div><\/div><\/div><\/div><\/div><\/section><section class=\"l-section wpb_row height_small\"><div class=\"l-section-h i-cf\"><div class=\"g-cols vc_row via_grid cols_1 laptops-cols_inherit tablets-cols_inherit mobiles-cols_1 valign_top type_default stacking_default\"><div class=\"wpb_column vc_column_container\"><div class=\"vc_column-inner\"><div class=\"wpb_text_column\"><div class=\"wpb_wrapper\"><p><strong>Gruppenleitung<\/strong><br \/>\nUlrich Str\u00fcbing<br \/>\nLand-W\u00fchrdener-Stra\u00dfe 2<br \/>\nD-28259 Bremen<br \/>\n0421-52079619<br \/>\n0421-52079618 (Fax)<br \/>\nkontakt@orchidee-bremen.de<\/p>\n<\/div><\/div><div class=\"w-separator size_small\"><\/div><div class=\"wpb_text_column\"><div class=\"wpb_wrapper\"><p><strong>Gruppenleitung laut Wahlen vom 06.10.2023:<\/strong><br \/>\nGruppenleiter: Ulrich Str\u00fcbing<br \/>\nStellvertreter: Dr. Andreas Werner<br \/>\nKassenwartin: Ute Wollmann<\/p>\n<\/div><\/div><div class=\"w-separator size_small\"><\/div><div class=\"wpb_text_column\"><div class=\"wpb_wrapper\"><p><strong>Gruppentreffen:<\/strong><br \/>\nB\u00fcrgerhaus Gemeinschaftszentrum Obervieland Raum 202 (OG)<br \/>\nAlfred-Faust-Stra\u00dfe 4<br \/>\n28279 Bremen-Kattenturm<br \/>\nIn der Regel 2-monatlich am 1. Freitag um 19:00<\/p>\n<\/div><\/div><div class=\"w-separator size_small\"><\/div><div class=\"wpb_text_column\"><div class=\"wpb_wrapper\"><p>Bitte bringen Sie zu unseren Treffen au\u00dfer Ihren bl\u00fchenden Orchideen auch Ihre Sorgenkinder mit. Unsere Fachleute werden Ihnen mit Rat und Tat zur Seite stehen. G\u00e4ste sind stets willkommen.<\/p>\n<\/div><\/div><div class=\"w-separator size_small\"><\/div><div class=\"w-btn-wrapper align_left\"><a class=\"w-btn us-btn-style_6\" title=\"Orchidee Bremen\" href=\"http:\/\/www.orchidee-bremen.de\/\"><span class=\"w-btn-label\">Zur Internetpr\u00e4senz<\/span><\/a><\/div><\/div><\/div><\/div><\/div><\/section><section class=\"l-section wpb_row height_auto\"><div class=\"l-section-h i-cf\"><div class=\"g-cols vc_row via_grid cols_1 laptops-cols_inherit tablets-cols_inherit mobiles-cols_1 valign_top type_default stacking_default\"><div class=\"wpb_column vc_column_container\"><div class=\"vc_column-inner\"><div class=\"mec-wrap mec-skin-list-container  \" id=\"mec_skin_8337\">\n    \n    \n        <div class=\"mec-skin-list-events-container\" id=\"mec_skin_events_8337\">\n        No event found!    <\/div>\n        \n        \n<\/div><div class=\"w-separator size_huge\"><\/div><\/div><\/div><\/div><\/div><\/section>\n","protected":false},"excerpt":{"rendered":"Bremen &#8211; Weser &#8211; Ems Gruppenleitung Ulrich Str\u00fcbing Land-W\u00fchrdener-Stra\u00dfe 2 D-28259 Bremen 0421-52079619 0421-52079618 (Fax) kontakt@orchidee-bremen.de Gruppenleitung laut Wahlen vom 06.10.2023: Gruppenleiter: Ulrich Str\u00fcbing Stellvertreter: Dr. Andreas Werner Kassenwartin: Ute Wollmann Gruppentreffen: B\u00fcrgerhaus Gemeinschaftszentrum Obervieland Raum 202 (OG) Alfred-Faust-Stra\u00dfe 4 28279 Bremen-Kattenturm In der Regel 2-monatlich am 1. Freitag um 19:00 Bitte bringen Sie zu...","protected":false},"author":9,"featured_media":0,"parent":0,"menu_order":0,"comment_status":"closed","ping_status":"closed","template":"","meta":{"footnotes":""},"class_list":["post-9049","page","type-page","status-publish","hentry"],"_links":{"self":[{"href":"https:\/\/staging.orchidee.de\/en\/wp-json\/wp\/v2\/pages\/9049","targetHints":{"allow":["GET"]}}],"collection":[{"href":"https:\/\/staging.orchidee.de\/en\/wp-json\/wp\/v2\/pages"}],"about":[{"href":"https:\/\/staging.orchidee.de\/en\/wp-json\/wp\/v2\/types\/page"}],"author":[{"embeddable":true,"href":"https:\/\/staging.orchidee.de\/en\/wp-json\/wp\/v2\/users\/9"}],"replies":[{"embeddable":true,"href":"https:\/\/staging.orchidee.de\/en\/wp-json\/wp\/v2\/comments?post=9049"}],"version-history":[{"count":11,"href":"https:\/\/staging.orchidee.de\/en\/wp-json\/wp\/v2\/pages\/9049\/revisions"}],"predecessor-version":[{"id":25188,"href":"https:\/\/staging.orchidee.de\/en\/wp-json\/wp\/v2\/pages\/9049\/revisions\/25188"}],"wp:attachment":[{"href":"https:\/\/staging.orchidee.de\/en\/wp-json\/wp\/v2\/media?parent=9049"}],"curies":[{"name":"wp","href":"https:\/\/api.w.org\/{rel}","templated":true}]}}