{"id":9048,"date":"2022-07-04T14:52:40","date_gmt":"2022-07-04T12:52:40","guid":{"rendered":"https:\/\/orchidee.de\/?page_id=9048"},"modified":"2024-12-02T23:54:13","modified_gmt":"2024-12-02T22:54:13","slug":"chemnitz","status":"publish","type":"page","link":"https:\/\/staging.orchidee.de\/en\/chemnitz\/","title":{"rendered":"Chemnitz"},"content":{"rendered":"<section class=\"l-section wpb_row us_custom_b3be410f height_huge width_full color_alternate with_img\"><div class=\"l-section-img\" style=\"background-image: url(https:\/\/staging.orchidee.de\/wp-content\/uploads\/Dendrobium-sarawakense_KF.jpg);\" data-img-width=\"1800\" data-img-height=\"900\"><\/div><div class=\"l-section-overlay\" style=\"background:var(--color-header-transparent-bg)\"><\/div><div class=\"l-section-h i-cf\"><div class=\"g-cols vc_row via_grid cols_1 laptops-cols_inherit tablets-cols_inherit mobiles-cols_1 valign_top type_default stacking_default\"><div class=\"wpb_column vc_column_container\"><div class=\"vc_column-inner\"><\/div><\/div><\/div><\/div><\/section><!-- Row Backgrounds --><section class=\"l-section wpb_row height_small\"><div class=\"l-section-h i-cf\"><div class=\"g-cols vc_row via_grid cols_1 laptops-cols_inherit tablets-cols_inherit mobiles-cols_1 valign_top type_default stacking_default\"><div class=\"wpb_column vc_column_container\"><div class=\"vc_column-inner\"><div class=\"w-separator size_medium\"><\/div><\/div><\/div><div class=\"wpb_column vc_column_container\"><div class=\"vc_column-inner\"><div class=\"g-cols wpb_row via_grid cols_1 laptops-cols_inherit tablets-cols_inherit mobiles-cols_1 valign_top type_default stacking_default\"><div class=\"wpb_column vc_column_container\"><div class=\"vc_column-inner\"><div class=\"wpb_text_column us_custom_e939c30a\"><div class=\"wpb_wrapper\"><h1>Chemnitz<\/h1>\n<\/div><\/div><\/div><\/div><\/div><\/div><\/div><\/div><\/div><\/section><section class=\"l-section wpb_row height_small\"><div class=\"l-section-h i-cf\"><div class=\"g-cols vc_row via_grid cols_1 laptops-cols_inherit tablets-cols_inherit mobiles-cols_1 valign_top type_default stacking_default\"><div class=\"wpb_column vc_column_container\"><div class=\"vc_column-inner\"><div class=\"wpb_text_column\"><div class=\"wpb_wrapper\"><p><strong>Gruppenleitung<\/strong><br \/>\nEckhard Schuller<br \/>\nGustav-Adolf-Str. 12<br \/>\nD-09116 Chemnitz<br \/>\n0371-317183<br \/>\n0371-317183 (Fax)<br \/>\neckhard.schuller@hotmail.de<\/p>\n<\/div><\/div><div class=\"w-separator size_small\"><\/div><div class=\"wpb_text_column\"><div class=\"wpb_wrapper\"><p><strong>Gruppenleitung laut Wahlen vom 06.06.2024:<\/strong><br \/>\nGruppenleiter: Eckhard Schuller<br \/>\nStellvertreter: Regina Neuber<br \/>\nKassenwart: Nadine Matthes<\/p>\n<\/div><\/div><div class=\"w-separator size_small\"><\/div><div class=\"wpb_text_column\"><div class=\"wpb_wrapper\"><p><strong>Gruppentreffen:<\/strong><br \/>\nGastst\u00e4tte &#8220;Zur Turnhalle&#8221;<br \/>\nAdelsbergstra\u00dfe 265<br \/>\n09127 Chemnitz-Adelsberg<br \/>\nJeden ersten Donnerstag im Monat Treffen ab 16:40 Uhr, Programmbeginn 18:00 Uhr (au\u00dfer Januar)<br \/>\nInfolge des Wechsels des Veranstaltungsortes kann es zu terminlichen Verschiebungen kommen und wir bitten G\u00e4ste und Interessenten sich vorher beim Gruppenleiter Eckhard Schuller, Telefon 0176-31504258, \u00fcber den tats\u00e4chlichen Termin zu informieren.<\/p>\n<\/div><\/div><div class=\"w-separator size_small\"><\/div><div class=\"wpb_text_column\"><div class=\"wpb_wrapper\"><p>F\u00fcr G\u00e4ste oder Orchideenliebhaber, die uns kennenlernen wollen, dient als Anlaufpunkt das Orchideenzentrum an der Zschopauer Stra\u00dfe. Dort erhalten Sie jederzeit Auskunft \u00fcber die n\u00e4chsten Aktivit\u00e4ten.<br \/>\nBl\u00fchende Pflanzen zum Vorstellen sind erw\u00fcnscht, aber auch notorische Nichtbl\u00fcher oder kr\u00e4nkelnde Pflanzen d\u00fcrfen gerne mitgebracht werden um die Ursachen heraus zu finden.<\/p>\n<\/div><\/div><\/div><\/div><\/div><\/div><\/section><section class=\"l-section wpb_row height_auto\"><div class=\"l-section-h i-cf\"><div class=\"g-cols vc_row via_grid cols_1 laptops-cols_inherit tablets-cols_inherit mobiles-cols_1 valign_top type_default stacking_default\"><div class=\"wpb_column vc_column_container\"><div class=\"vc_column-inner\"><div class=\"mec-wrap mec-skin-list-container  \" id=\"mec_skin_8342\">\n    \n    \n        <div class=\"mec-skin-list-events-container\" id=\"mec_skin_events_8342\">\n        No event found!    <\/div>\n        \n        \n<\/div><div class=\"w-separator size_huge\"><\/div><\/div><\/div><\/div><\/div><\/section>\n","protected":false},"excerpt":{"rendered":"Chemnitz Gruppenleitung Eckhard Schuller Gustav-Adolf-Str. 12 D-09116 Chemnitz 0371-317183 0371-317183 (Fax) eckhard.schuller@hotmail.de Gruppenleitung laut Wahlen vom 06.06.2024: Gruppenleiter: Eckhard Schuller Stellvertreter: Regina Neuber Kassenwart: Nadine Matthes Gruppentreffen: Gastst\u00e4tte &#8220;Zur Turnhalle&#8221; Adelsbergstra\u00dfe 265 09127 Chemnitz-Adelsberg Jeden ersten Donnerstag im Monat Treffen ab 16:40 Uhr, Programmbeginn 18:00 Uhr (au\u00dfer Januar) Infolge des Wechsels des Veranstaltungsortes kann es...","protected":false},"author":9,"featured_media":0,"parent":0,"menu_order":0,"comment_status":"closed","ping_status":"closed","template":"","meta":{"footnotes":""},"class_list":["post-9048","page","type-page","status-publish","hentry"],"_links":{"self":[{"href":"https:\/\/staging.orchidee.de\/en\/wp-json\/wp\/v2\/pages\/9048","targetHints":{"allow":["GET"]}}],"collection":[{"href":"https:\/\/staging.orchidee.de\/en\/wp-json\/wp\/v2\/pages"}],"about":[{"href":"https:\/\/staging.orchidee.de\/en\/wp-json\/wp\/v2\/types\/page"}],"author":[{"embeddable":true,"href":"https:\/\/staging.orchidee.de\/en\/wp-json\/wp\/v2\/users\/9"}],"replies":[{"embeddable":true,"href":"https:\/\/staging.orchidee.de\/en\/wp-json\/wp\/v2\/comments?post=9048"}],"version-history":[{"count":12,"href":"https:\/\/staging.orchidee.de\/en\/wp-json\/wp\/v2\/pages\/9048\/revisions"}],"predecessor-version":[{"id":25742,"href":"https:\/\/staging.orchidee.de\/en\/wp-json\/wp\/v2\/pages\/9048\/revisions\/25742"}],"wp:attachment":[{"href":"https:\/\/staging.orchidee.de\/en\/wp-json\/wp\/v2\/media?parent=9048"}],"curies":[{"name":"wp","href":"https:\/\/api.w.org\/{rel}","templated":true}]}}