{"id":25637,"date":"2024-11-26T23:23:27","date_gmt":"2024-11-26T22:23:27","guid":{"rendered":"https:\/\/orchidee.de\/?page_id=25637"},"modified":"2024-11-26T23:34:35","modified_gmt":"2024-11-26T22:34:35","slug":"onlinegruppe","status":"publish","type":"page","link":"https:\/\/staging.orchidee.de\/en\/onlinegruppe\/","title":{"rendered":"Onlinegruppe"},"content":{"rendered":"<section class=\"l-section wpb_row us_custom_b3be410f height_huge width_full color_alternate with_img\"><div class=\"l-section-img\" style=\"background-image: url(https:\/\/staging.orchidee.de\/wp-content\/uploads\/Phragmipedium-Woessner-Rubin_KF.jpg);\" data-img-width=\"1800\" data-img-height=\"900\"><\/div><div class=\"l-section-overlay\" style=\"background:var(--color-header-transparent-bg)\"><\/div><div class=\"l-section-h i-cf\"><div class=\"g-cols vc_row via_grid cols_1 laptops-cols_inherit tablets-cols_inherit mobiles-cols_1 valign_top type_default stacking_default\"><div class=\"wpb_column vc_column_container\"><div class=\"vc_column-inner\"><\/div><\/div><\/div><\/div><\/section><!-- Row Backgrounds --><section class=\"l-section wpb_row height_small\"><div class=\"l-section-h i-cf\"><div class=\"g-cols vc_row via_grid cols_1 laptops-cols_inherit tablets-cols_inherit mobiles-cols_1 valign_top type_default stacking_default\"><div class=\"wpb_column vc_column_container\"><div class=\"vc_column-inner\"><div class=\"w-separator size_medium\"><\/div><\/div><\/div><div class=\"wpb_column vc_column_container\"><div class=\"vc_column-inner\"><div class=\"g-cols wpb_row via_grid cols_1 laptops-cols_inherit tablets-cols_inherit mobiles-cols_1 valign_top type_default stacking_default\"><div class=\"wpb_column vc_column_container\"><div class=\"vc_column-inner\"><div class=\"wpb_text_column us_custom_e939c30a\"><div class=\"wpb_wrapper\"><h1>Online-Gruppe<\/h1>\n<\/div><\/div><\/div><\/div><\/div><\/div><\/div><\/div><\/div><\/section><section class=\"l-section wpb_row height_small\"><div class=\"l-section-h i-cf\"><div class=\"g-cols vc_row via_grid cols_1 laptops-cols_inherit tablets-cols_inherit mobiles-cols_1 valign_top type_default stacking_default\"><div class=\"wpb_column vc_column_container\"><div class=\"vc_column-inner\"><div class=\"wpb_text_column\"><div class=\"wpb_wrapper\"><p align=\"left\"><b>Kontakt<\/b><br \/>\nLeitung: D.O.G. Online-Team<br \/>\nAnsprechpartner: Sina M\u00fcller, Claudia Hanemann<br \/>\n<a href=\"mailto:onlineteam@orchidee.de\"><u>onlineteam@orchidee.de<\/u><\/a><br \/>\noder per Direktnachricht bei Instagram (@deutsche_orchideengesellschaft) oder Facebook (Deutsche Orchideen-Gesellschaft e.V.)<\/p>\n<\/div><\/div><div class=\"w-separator size_small\"><\/div><div class=\"wpb_text_column\"><div class=\"wpb_wrapper\"><p><strong>Online-Gruppe:<\/strong><br \/>\nDie Online-Gruppe bietet D.O.G.-Mitgliedern eine Plattform f\u00fcr den Austausch: Besonders f\u00fcr diejenigen, die weit von einer Regionalgruppe entfernt wohnen, ist es eine hervorragende Gelegenheit, virtuell mit anderen in Kontakt zu treten.<\/p>\n<p>In verschiedenen <strong>Chatgruppen<\/strong> k\u00f6nnen Themen rund um die Orchideenkultur diskutiert, Fotos geteilt und sogar Orchideen getauscht werden. Zudem besteht die M\u00f6glichkeit, sich \u00fcber kommende Veranstaltungen auszutauschen und Verabredungen zu treffen.<\/p>\n<p>Unser Ziel ist es, die Gemeinschaft innerhalb der D.O.G. zu st\u00e4rken \u2013 daher sind selbstverst\u00e4ndlich auch Mitglieder herzlich willkommen, die bereits an den Gruppentreffen der Regionalgruppen teilnehmen.<\/p>\n<p>F\u00fcr den Austausch in unserem Chat nutzen wir die <strong>kostenfreie Version von MS Teams<\/strong>. Diese kann entweder als App auf dem Smartphone installiert oder \u00fcber den Browser als Desktopversion verwendet werden.<\/p>\n<p>Bei Fragen zur Installation oder zur Nutzung von MS Teams, helfen wir dir gerne weiter!<\/p>\n<\/div><\/div><div class=\"w-separator size_small\"><\/div><div class=\"wpb_text_column\"><div class=\"wpb_wrapper\"><p><strong>Virtuelle Gruppentreffen:<\/strong><br \/>\nDie Online-Gruppe trifft sich ein- bis zweimal im Monat zu <strong>virtuellen Treffen auf der Meeting-Plattform Zoom.<\/strong> Diese ist kostenlos \u00fcber die App auf dem Smartphone oder den Browser am Desktop zug\u00e4nglich \u2013 eine Anmeldung ist nicht erforderlich. Die Termine werden rechtzeitig bekannt gegeben und variieren, um m\u00f6glichst vielen Mitgliedern die Teilnahme zu erm\u00f6glichen.<\/p>\n<p>In unseren <strong>offenen Gruppentreffen<\/strong> haben die Mitglieder die Gelegenheit, ihre Pflanzen vorzustellen, Einblicke in ihre Kultur zu teilen oder Fragen zu ihren Orchideen zu stellen. Dar\u00fcber hinaus bieten wir regelm\u00e4\u00dfig <strong>interaktive Vortr\u00e4ge<\/strong> von Experten sowie <strong>exklusive virtuelle F\u00fchrungen<\/strong> durch G\u00e4rtnereien und Botanische G\u00e4rten an.<\/p>\n<p>Mitglieder der Online-Gruppe haben zudem die M\u00f6glichkeit, die Aufzeichnungen der Vortr\u00e4ge und F\u00fchrungen nachtr\u00e4glich anzuschauen.<\/p>\n<\/div><\/div><div class=\"w-separator size_small\"><\/div><div class=\"w-socials us_custom_de82079f color_brand shape_circle style_solid hover_fade\" style=\"--gap:1em;\"><div class=\"w-socials-list\"><div class=\"w-socials-item instagram\"><a class=\"w-socials-item-link\" href=\"https:\/\/www.instagram.com\/deutsche_orchideengesellschaft\/\" target=\"_blank\" rel=\"noopener nofollow\" title=\"Instagram\" aria-label=\"Instagram\"><span class=\"w-socials-item-link-hover\"><\/span><i class=\"fab fa-instagram\"><\/i><\/a><div class=\"w-socials-item-popup\"><span>Instagram<\/span><\/div><\/div><div class=\"w-socials-item facebook\"><a class=\"w-socials-item-link\" href=\"https:\/\/www.facebook.com\/DeutscheOrchideenGesellschaft\/\" target=\"_blank\" rel=\"noopener nofollow\" title=\"Facebook\" aria-label=\"Facebook\"><span class=\"w-socials-item-link-hover\"><\/span><i class=\"fab fa-facebook\"><\/i><\/a><div class=\"w-socials-item-popup\"><span>Facebook<\/span><\/div><\/div><\/div><\/div><\/div><\/div><\/div><\/div><\/section><section class=\"l-section wpb_row height_auto\"><div class=\"l-section-h i-cf\"><div class=\"g-cols vc_row via_grid cols_1 laptops-cols_inherit tablets-cols_inherit mobiles-cols_1 valign_top type_default stacking_default\"><div class=\"wpb_column vc_column_container\"><div class=\"vc_column-inner\"><div class=\"mec-wrap mec-skin-list-container  \" id=\"mec_skin_25639\">\n    \n    \n        <div class=\"mec-skin-list-events-container\" id=\"mec_skin_events_25639\">\n        No event found!    <\/div>\n        \n        \n<\/div><div class=\"w-separator size_huge\"><\/div><\/div><\/div><\/div><\/div><\/section>\n","protected":false},"excerpt":{"rendered":"Online-Gruppe Kontakt Leitung: D.O.G. Online-Team Ansprechpartner: Sina M\u00fcller, Claudia Hanemann onlineteam@orchidee.de oder per Direktnachricht bei Instagram (@deutsche_orchideengesellschaft) oder Facebook (Deutsche Orchideen-Gesellschaft e.V.) Online-Gruppe: Die Online-Gruppe bietet D.O.G.-Mitgliedern eine Plattform f\u00fcr den Austausch: Besonders f\u00fcr diejenigen, die weit von einer Regionalgruppe entfernt wohnen, ist es eine hervorragende Gelegenheit, virtuell mit anderen in Kontakt zu treten. In...","protected":false},"author":10,"featured_media":0,"parent":0,"menu_order":0,"comment_status":"closed","ping_status":"closed","template":"","meta":{"footnotes":""},"class_list":["post-25637","page","type-page","status-publish","hentry"],"_links":{"self":[{"href":"https:\/\/staging.orchidee.de\/en\/wp-json\/wp\/v2\/pages\/25637","targetHints":{"allow":["GET"]}}],"collection":[{"href":"https:\/\/staging.orchidee.de\/en\/wp-json\/wp\/v2\/pages"}],"about":[{"href":"https:\/\/staging.orchidee.de\/en\/wp-json\/wp\/v2\/types\/page"}],"author":[{"embeddable":true,"href":"https:\/\/staging.orchidee.de\/en\/wp-json\/wp\/v2\/users\/10"}],"replies":[{"embeddable":true,"href":"https:\/\/staging.orchidee.de\/en\/wp-json\/wp\/v2\/comments?post=25637"}],"version-history":[{"count":4,"href":"https:\/\/staging.orchidee.de\/en\/wp-json\/wp\/v2\/pages\/25637\/revisions"}],"predecessor-version":[{"id":25643,"href":"https:\/\/staging.orchidee.de\/en\/wp-json\/wp\/v2\/pages\/25637\/revisions\/25643"}],"wp:attachment":[{"href":"https:\/\/staging.orchidee.de\/en\/wp-json\/wp\/v2\/media?parent=25637"}],"curies":[{"name":"wp","href":"https:\/\/api.w.org\/{rel}","templated":true}]}}